{"id":3,"date":"2022-03-10T11:39:28","date_gmt":"2022-03-10T10:39:28","guid":{"rendered":"http:\/\/www.ohlegal.net\/?page_id=3"},"modified":"2023-10-10T12:36:54","modified_gmt":"2023-10-10T10:36:54","slug":"politique-de-confidentialite","status":"publish","type":"page","link":"https:\/\/www.ohlegal.net\/en\/politique-de-confidentialite\/","title":{"rendered":"Politique de confidentialit\u00e9"},"content":{"rendered":"<p><\/p>\n\n\n\n<p>  <\/p>\n\n\n\n<div style=\"height:45px\" aria-hidden=\"true\" class=\"wp-block-spacer\"><\/div>\n\n\n\n<div class=\"wp-block-buttons is-content-justification-right is-layout-flex wp-container-core-buttons-is-layout-765c4724 wp-block-buttons-is-layout-flex\">\n<div class=\"wp-block-button is-style-outline is-style-outline--1\"><a class=\"wp-block-button__link wp-element-button\" href=\"https:\/\/www.ohlegal.net\/en\/\">Retour page d&rsquo;accueil<\/a><\/div>\n<\/div>\n\n\n\n<p><br><\/p>\n\n\n\n<h2 class=\"wp-block-heading\">D\u00e9claration de confidentialit\u00e9<\/h2>\n\n\n\n<p><strong>Who are we?<\/strong><\/p>\n\n\n\n<p>L\u2019Etude Olivia Heinis est une \u00e9tude d\u2019avocat dont les bureaux se trouvent Route des Creux 1 \u00e0 Verbier, Valais, Suisse.<\/p>\n\n\n\n<p>Our webhost is <a href=\"https:\/\/www.infomaniak.com\/fr\" target=\"_blank\" rel=\"noreferrer noopener\">Infomaniak <\/a>et notre webmaster est <a href=\"https:\/\/i-q.ch\/\" target=\"_blank\" rel=\"noreferrer noopener\">InformaQuik.<\/a>.<\/p>\n\n\n\n<p>La pr\u00e9sente D\u00e9claration de confidentialit\u00e9 vous informe sur la mani\u00e8re dont sont trait\u00e9es vos donn\u00e9es personnelles. Dans le cadre des activit\u00e9s de l\u2019Etude, principalement lors de la conclusion et l\u2019ex\u00e9cution des mandats, des donn\u00e9es personnelles sont trait\u00e9es.<\/p>\n\n\n\n<p>Pour toute question en lien avec le traitement de vos donn\u00e9es personnelles, vous pouvez contacter directement Me Olivia Heinis par courriel ou par courrier postal aux coordonn\u00e9es suivantes&nbsp;: Etude Olivia Heinis, Case postale 188, 1936 Verbier<\/p>\n\n\n\n<p>L\u2019adresse de notre site Web est : <a href=\"https:\/\/www.ohlegal.net\/en\/\" target=\"_blank\" rel=\"noreferrer noopener\">www.ohlegal.net<\/a>.<\/p>\n\n\n\n<p><strong>Les donn\u00e9es personnelles trait\u00e9es<\/strong><\/p>\n\n\n\n<p>Dans le cadre de l\u2019ex\u00e9cution des mandats, peuvent \u00eatre trait\u00e9es des donn\u00e9es personnelles qui peuvent \u00eatre fournies soit par vous-m\u00eame, soit par des tiers, soit \u00eatre collect\u00e9es directement par nous-m\u00eames (y compris \u00e0 partir de registres publics ou sur internet). Il peut s\u2019agir de donn\u00e9es relatives \u00e0 votre identit\u00e9 (pr\u00e9nom, nom, etc.), vos coordonn\u00e9es (adresse postale, adresse \u00e9lectronique, num\u00e9ro de t\u00e9l\u00e9phone, etc.), votre situation personnelle (\u00e9tat civil, nationalit\u00e9 etc.), vos fonctions (entreprise, poste, etc.) ou vos informations de paiement. Peuvent \u00e9galement \u00eatre trait\u00e9es des donn\u00e9es relatives \u00e0 toutes personnes ayant un lien avec le mandat (clients, les parties adverses, leurs mandataires respectifs, le personnel des autorit\u00e9s, d\u2019autres personnes li\u00e9es au mandat, etc.). Selon le mandat, ces donn\u00e9es personnelles peuvent \u00eatre de nature vari\u00e9e et avoir trait, par exemple, \u00e0 l\u2019identit\u00e9 des personnes, \u00e0 leurs coordonn\u00e9es, leurs fonctions, la correspondance, leur situation financi\u00e8re, leur sant\u00e9, leur situation familiale, administrative ou judiciaire, leurs relations de travail, etc.<\/p>\n\n\n\n<p>Ces donn\u00e9es personnelles sont trait\u00e9es afin de fournir nos prestations juridiques, de documenter celles-ci, de les facturer et de r\u00e9pondre \u00e0 nos obligations l\u00e9gales.<\/p>\n\n\n\n<p><strong>Site web et cookies<\/strong><\/p>\n\n\n\n<p>En lien avec l\u2019exploitation du site web (www.ohlegal.net.), des donn\u00e9es techniques, telles que votre adresse IP, des informations sur votre navigateur et certains param\u00e8tres limit\u00e9s de votre terminal peuvent \u00eatre trait\u00e9es. Nous ne vous demandons pas de consentement pour les cookies, car ils sont n\u00e9cessaires et nous avons renonc\u00e9 \u00e0 tout autre type de traceurs (comme les cookies de performance ou de publicit\u00e9 cibl\u00e9es).<br>Lorsque vous interagissez avec l\u2019Etude via des m\u00e9dias sociaux (LinkedIn), vous acceptez les r\u00e8gles de ces m\u00e9dias sociaux et la communication des donn\u00e9es que vous rendez accessibles.<\/p>\n\n\n\n<p><strong>Dur\u00e9e de conservation<\/strong><\/p>\n\n\n\n<p>Vos donn\u00e9es personnelles sont trait\u00e9es et conserv\u00e9es aussi longtemps que n\u00e9cessaire \u00e0 l\u2019accomplissement des mandats. Vos dossiers sont archiv\u00e9s par principe pendant une dur\u00e9e de 10 ans d\u00e8s l\u2019issue du mandat. N\u00e9anmoins, vos donn\u00e9es personnelles peuvent \u00eatre conserv\u00e9es pendant un d\u00e9lai plus long, ou plus court, notamment dans les cas o\u00f9 un d\u00e9lai de conservation ou de documentation serait fix\u00e9 par la loi, ou s\u2019il existe un int\u00e9r\u00eat priv\u00e9 ou public pr\u00e9pond\u00e9rant, ou encore si vous en demandez la remise ou l\u2019effacement, lorsque cela est possible.<\/p>\n\n\n\n<p><strong>S\u00e9curit\u00e9 et confidentialit\u00e9<\/strong><strong><\/strong><\/p>\n\n\n\n<p>Les donn\u00e9es personnelles et informations que vous soumettez dans le cadre d\u2019un mandat sont prot\u00e9g\u00e9es par le secret professionnel. De plus, des mesures organisationnelles et techniques adapt\u00e9es en vue d\u2019assurer la s\u00e9curit\u00e9 de vos donn\u00e9es personnelles et de pr\u00e9venir toute violation de s\u00e9curit\u00e9 sont mises en place.<\/p>\n\n\n\n<p><strong>Communication<\/strong><strong><\/strong><\/p>\n\n\n\n<p>Afin de pouvoir ex\u00e9cuter correctement les mandats que vous nous confiez, nous pouvons \u00e9changer des donn\u00e9es avec des sous-traitants, en particulier des fournisseurs de services informatiques. Ils ne traitent les donn\u00e9es personnelles que selon nos instructions et sont aussi tous soumis au secret professionnel en qualit\u00e9 d\u2019auxiliaires.<\/p>\n\n\n\n<p>La nature du mandat implique souvent de communiquer des donn\u00e9es personnelles \u00e0 des tiers (parties adverses et leurs mandataires, autorit\u00e9s, tribunaux, etc.). Ces donn\u00e9es sont communiqu\u00e9es lorsqu\u2019elles sont n\u00e9cessaires \u00e0 la bonne ex\u00e9cution du mandat ou si vous en faites la demande. Vos donn\u00e9es peuvent \u00e9galement \u00eatre transmises \u00e0 des tiers si la loi ou une autorit\u00e9 l\u2019exige.<\/p>\n\n\n\n<p><strong>Lieu de traitement<\/strong><\/p>\n\n\n\n<p>Vos donn\u00e9es personnelles sont principalement trait\u00e9es en Suisse. Dans des cas particuliers, elles peuvent \u00eatre communiqu\u00e9es \u00e0 l\u2019\u00e9tranger, en particulier lorsque les clients, les parties adverses, les autorit\u00e9s concern\u00e9es sont \u00e0 l\u2019\u00e9tranger ou que nous devons les consulter depuis l\u2019\u00e9tranger.<\/p>\n\n\n\n<p><strong>Loi applicable<\/strong><\/p>\n\n\n\n<p>Nous sommes soumis aux dispositions de la Loi f\u00e9d\u00e9rale sur la protection des donn\u00e9es (LPD) et l\u2019autorit\u00e9 de contr\u00f4le comp\u00e9tente en mati\u00e8re de protection des donn\u00e9es personnelles est le Pr\u00e9pos\u00e9 f\u00e9d\u00e9ral \u00e0 la protection des donn\u00e9es et \u00e0 la transparence (PFPDT).<\/p>\n\n\n\n<p><\/p>\n\n\n\n<div style=\"height:58px\" aria-hidden=\"true\" class=\"wp-block-spacer\"><\/div>\n\n\n\n<div class=\"wp-block-buttons is-layout-flex wp-block-buttons-is-layout-flex\">\n<div class=\"wp-block-button is-style-outline is-style-outline--2\"><a class=\"wp-block-button__link wp-element-button\" href=\"https:\/\/www.ohlegal.net\/en\/\">Retour page d&rsquo;accueil<\/a><\/div>\n<\/div>\n\n\n\n<div style=\"height:58px\" aria-hidden=\"true\" class=\"wp-block-spacer\"><\/div>","protected":false},"excerpt":{"rendered":"<p>D\u00e9claration de confidentialit\u00e9 Qui sommes-nous&nbsp;? L\u2019Etude Olivia Heinis est une \u00e9tude d\u2019avocat dont les bureaux se trouvent Route des Creux 1 \u00e0 Verbier, Valais, Suisse. Notre h\u00e9bergeur est Infomaniak et notre webmaster est InformaQuik. La pr\u00e9sente D\u00e9claration de confidentialit\u00e9 vous informe sur la mani\u00e8re dont sont trait\u00e9es vos donn\u00e9es personnelles. Dans le cadre des activit\u00e9s [&hellip;]<\/p>","protected":false},"author":1,"featured_media":0,"parent":0,"menu_order":0,"comment_status":"closed","ping_status":"open","template":"","meta":{"footnotes":""},"class_list":["post-3","page","type-page","status-publish","hentry"],"yoast_head":"<!-- This site is optimized with the Yoast SEO plugin v20.13 - https:\/\/yoast.com\/wordpress\/plugins\/seo\/ -->\n<title>Politique de confidentialit\u00e9 - Olivia Heinis - Avocate \u00e0 Verbier<\/title>\n<meta name=\"robots\" content=\"index, follow, max-snippet:-1, max-image-preview:large, max-video-preview:-1\" \/>\n<link rel=\"canonical\" href=\"https:\/\/www.ohlegal.net\/en\/politique-de-confidentialite\/\" \/>\n<meta property=\"og:locale\" content=\"en_GB\" \/>\n<meta property=\"og:type\" content=\"article\" \/>\n<meta property=\"og:title\" content=\"Politique de confidentialit\u00e9 - Olivia Heinis - Avocate \u00e0 Verbier\" \/>\n<meta property=\"og:description\" content=\"D\u00e9claration de confidentialit\u00e9 Qui sommes-nous&nbsp;? L\u2019Etude Olivia Heinis est une \u00e9tude d\u2019avocat dont les bureaux se trouvent Route des Creux 1 \u00e0 Verbier, Valais, Suisse. Notre h\u00e9bergeur est Infomaniak et notre webmaster est InformaQuik. La pr\u00e9sente D\u00e9claration de confidentialit\u00e9 vous informe sur la mani\u00e8re dont sont trait\u00e9es vos donn\u00e9es personnelles. Dans le cadre des activit\u00e9s [&hellip;]\" \/>\n<meta property=\"og:url\" content=\"https:\/\/www.ohlegal.net\/en\/politique-de-confidentialite\/\" \/>\n<meta property=\"og:site_name\" content=\"Olivia Heinis - Avocate \u00e0 Verbier\" \/>\n<meta property=\"article:modified_time\" content=\"2023-10-10T10:36:54+00:00\" \/>\n<meta name=\"twitter:card\" content=\"summary_large_image\" \/>\n<meta name=\"twitter:label1\" content=\"Estimated reading time\" \/>\n\t<meta name=\"twitter:data1\" content=\"4 minutes\" \/>\n<script type=\"application\/ld+json\" class=\"yoast-schema-graph\">{\"@context\":\"https:\/\/schema.org\",\"@graph\":[{\"@type\":\"WebPage\",\"@id\":\"https:\/\/www.ohlegal.net\/politique-de-confidentialite\/\",\"url\":\"https:\/\/www.ohlegal.net\/politique-de-confidentialite\/\",\"name\":\"Politique de confidentialit\u00e9 - Olivia Heinis - Avocate \u00e0 Verbier\",\"isPartOf\":{\"@id\":\"https:\/\/www.ohlegal.net\/#website\"},\"datePublished\":\"2022-03-10T10:39:28+00:00\",\"dateModified\":\"2023-10-10T10:36:54+00:00\",\"breadcrumb\":{\"@id\":\"https:\/\/www.ohlegal.net\/politique-de-confidentialite\/#breadcrumb\"},\"inLanguage\":\"en-GB\",\"potentialAction\":[{\"@type\":\"ReadAction\",\"target\":[\"https:\/\/www.ohlegal.net\/politique-de-confidentialite\/\"]}]},{\"@type\":\"BreadcrumbList\",\"@id\":\"https:\/\/www.ohlegal.net\/politique-de-confidentialite\/#breadcrumb\",\"itemListElement\":[{\"@type\":\"ListItem\",\"position\":1,\"name\":\"Accueil\",\"item\":\"https:\/\/www.ohlegal.net\/\"},{\"@type\":\"ListItem\",\"position\":2,\"name\":\"Politique de confidentialit\u00e9\"}]},{\"@type\":\"WebSite\",\"@id\":\"https:\/\/www.ohlegal.net\/#website\",\"url\":\"https:\/\/www.ohlegal.net\/\",\"name\":\"Olivia Heinis - Avocate \u00e0 Verbier\",\"description\":\"Votre avocate de proximit\u00e9\",\"publisher\":{\"@id\":\"https:\/\/www.ohlegal.net\/#organization\"},\"potentialAction\":[{\"@type\":\"SearchAction\",\"target\":{\"@type\":\"EntryPoint\",\"urlTemplate\":\"https:\/\/www.ohlegal.net\/?s={search_term_string}\"},\"query-input\":\"required name=search_term_string\"}],\"inLanguage\":\"en-GB\"},{\"@type\":\"Organization\",\"@id\":\"https:\/\/www.ohlegal.net\/#organization\",\"name\":\"Etude Olivia Heinis\",\"url\":\"https:\/\/www.ohlegal.net\/\",\"logo\":{\"@type\":\"ImageObject\",\"inLanguage\":\"en-GB\",\"@id\":\"https:\/\/www.ohlegal.net\/#\/schema\/logo\/image\/\",\"url\":\"https:\/\/www.ohlegal.net\/wp-content\/uploads\/2022\/06\/bal_mont.png\",\"contentUrl\":\"https:\/\/www.ohlegal.net\/wp-content\/uploads\/2022\/06\/bal_mont.png\",\"width\":95,\"height\":60,\"caption\":\"Etude Olivia Heinis\"},\"image\":{\"@id\":\"https:\/\/www.ohlegal.net\/#\/schema\/logo\/image\/\"}}]}<\/script>\n<!-- \/ Yoast SEO plugin. -->","yoast_head_json":{"title":"Politique de confidentialit\u00e9 - Olivia Heinis - Avocate \u00e0 Verbier","robots":{"index":"index","follow":"follow","max-snippet":"max-snippet:-1","max-image-preview":"max-image-preview:large","max-video-preview":"max-video-preview:-1"},"canonical":"https:\/\/www.ohlegal.net\/en\/politique-de-confidentialite\/","og_locale":"en_GB","og_type":"article","og_title":"Politique de confidentialit\u00e9 - Olivia Heinis - Avocate \u00e0 Verbier","og_description":"D\u00e9claration de confidentialit\u00e9 Qui sommes-nous&nbsp;? L\u2019Etude Olivia Heinis est une \u00e9tude d\u2019avocat dont les bureaux se trouvent Route des Creux 1 \u00e0 Verbier, Valais, Suisse. Notre h\u00e9bergeur est Infomaniak et notre webmaster est InformaQuik. La pr\u00e9sente D\u00e9claration de confidentialit\u00e9 vous informe sur la mani\u00e8re dont sont trait\u00e9es vos donn\u00e9es personnelles. Dans le cadre des activit\u00e9s [&hellip;]","og_url":"https:\/\/www.ohlegal.net\/en\/politique-de-confidentialite\/","og_site_name":"Olivia Heinis - Avocate \u00e0 Verbier","article_modified_time":"2023-10-10T10:36:54+00:00","twitter_card":"summary_large_image","twitter_misc":{"Estimated reading time":"4 minutes"},"schema":{"@context":"https:\/\/schema.org","@graph":[{"@type":"WebPage","@id":"https:\/\/www.ohlegal.net\/politique-de-confidentialite\/","url":"https:\/\/www.ohlegal.net\/politique-de-confidentialite\/","name":"Politique de confidentialit\u00e9 - Olivia Heinis - Avocate \u00e0 Verbier","isPartOf":{"@id":"https:\/\/www.ohlegal.net\/#website"},"datePublished":"2022-03-10T10:39:28+00:00","dateModified":"2023-10-10T10:36:54+00:00","breadcrumb":{"@id":"https:\/\/www.ohlegal.net\/politique-de-confidentialite\/#breadcrumb"},"inLanguage":"en-GB","potentialAction":[{"@type":"ReadAction","target":["https:\/\/www.ohlegal.net\/politique-de-confidentialite\/"]}]},{"@type":"BreadcrumbList","@id":"https:\/\/www.ohlegal.net\/politique-de-confidentialite\/#breadcrumb","itemListElement":[{"@type":"ListItem","position":1,"name":"Accueil","item":"https:\/\/www.ohlegal.net\/"},{"@type":"ListItem","position":2,"name":"Politique de confidentialit\u00e9"}]},{"@type":"WebSite","@id":"https:\/\/www.ohlegal.net\/#website","url":"https:\/\/www.ohlegal.net\/","name":"Olivia Heinis - Avocate \u00e0 Verbier","description":"Votre avocate de proximit\u00e9","publisher":{"@id":"https:\/\/www.ohlegal.net\/#organization"},"potentialAction":[{"@type":"SearchAction","target":{"@type":"EntryPoint","urlTemplate":"https:\/\/www.ohlegal.net\/?s={search_term_string}"},"query-input":"required name=search_term_string"}],"inLanguage":"en-GB"},{"@type":"Organization","@id":"https:\/\/www.ohlegal.net\/#organization","name":"Etude Olivia Heinis","url":"https:\/\/www.ohlegal.net\/","logo":{"@type":"ImageObject","inLanguage":"en-GB","@id":"https:\/\/www.ohlegal.net\/#\/schema\/logo\/image\/","url":"https:\/\/www.ohlegal.net\/wp-content\/uploads\/2022\/06\/bal_mont.png","contentUrl":"https:\/\/www.ohlegal.net\/wp-content\/uploads\/2022\/06\/bal_mont.png","width":95,"height":60,"caption":"Etude Olivia Heinis"},"image":{"@id":"https:\/\/www.ohlegal.net\/#\/schema\/logo\/image\/"}}]}},"_links":{"self":[{"href":"https:\/\/www.ohlegal.net\/en\/wp-json\/wp\/v2\/pages\/3","targetHints":{"allow":["GET"]}}],"collection":[{"href":"https:\/\/www.ohlegal.net\/en\/wp-json\/wp\/v2\/pages"}],"about":[{"href":"https:\/\/www.ohlegal.net\/en\/wp-json\/wp\/v2\/types\/page"}],"author":[{"embeddable":true,"href":"https:\/\/www.ohlegal.net\/en\/wp-json\/wp\/v2\/users\/1"}],"replies":[{"embeddable":true,"href":"https:\/\/www.ohlegal.net\/en\/wp-json\/wp\/v2\/comments?post=3"}],"version-history":[{"count":4,"href":"https:\/\/www.ohlegal.net\/en\/wp-json\/wp\/v2\/pages\/3\/revisions"}],"predecessor-version":[{"id":7264,"href":"https:\/\/www.ohlegal.net\/en\/wp-json\/wp\/v2\/pages\/3\/revisions\/7264"}],"wp:attachment":[{"href":"https:\/\/www.ohlegal.net\/en\/wp-json\/wp\/v2\/media?parent=3"}],"curies":[{"name":"wp","href":"https:\/\/api.w.org\/{rel}","templated":true}]}}